{"id":61,"date":"2011-05-11T19:17:37","date_gmt":"2011-05-11T19:17:37","guid":{"rendered":"http:\/\/kettentechnik.de\/?page_id=61"},"modified":"2025-10-14T13:15:21","modified_gmt":"2025-10-14T11:15:21","slug":"kts-kettentechnik-gmbh","status":"publish","type":"page","link":"https:\/\/www.kettentechnik.de\/de\/","title":{"rendered":"KTS Kettentechnik GmbH"},"content":{"rendered":"\n<h1 class=\"wp-block-heading\">Rollenketten und Kettenr\u00e4der sind unser Antrieb!<\/h1>\n\n\n<div class=\"wp-block-image wp-image-375 size-large\">\n<figure class=\"alignleft\"><img decoding=\"async\" src=\"http:\/\/kettentechnik.de\/wp-content\/uploads\/2011\/05\/KTS_Panorama_11-1024x171.png\" alt=\"KTS Kettentechnik GmbH Rollenketten und Kettenr\u00e4der\" class=\"wp-image-375\"\/><figcaption class=\"wp-element-caption\">KTS Kettentechnik GmbH<\/figcaption><\/figure>\n<\/div>\n\n\n<h2 class=\"wp-block-heading\">KTS Kettentechnik GmbH \u2013 Rollenketten &amp; Kettenr\u00e4der f\u00fcr Maschinenbau<\/h2>\n\n\n\n<p>Die <strong>KTS Kettentechnik GmbH<\/strong> ist seit 1995 Ihr zuverl\u00e4ssiger Partner im Maschinen- und Anlagenbau. Wir bieten ein umfassendes Sortiment an <a href=\"https:\/\/www.kettentechnik.de\/de\/category\/ketten\/rollenketten\/\"><strong>Rollenketten<\/strong> <\/a>und <a href=\"https:\/\/www.kettentechnik.de\/de\/category\/kettenraeder\/\"><strong>Kettenr\u00e4dern<\/strong> <\/a>f\u00fcr nahezu alle Anwendungen \u2013 von Standardl\u00f6sungen bis zu Sonderanfertigungen.<\/p>\n\n\n\n<hr class=\"wp-block-separator has-alpha-channel-opacity\"\/>\n\n\n\n<h2 class=\"wp-block-heading\">Hochwertige Rollenketten f\u00fcr jede Anwendung<\/h2>\n\n\n\n<p>Unser Angebot an <strong>Rollenketten<\/strong> umfasst:<\/p>\n\n\n\n<ul class=\"wp-block-list\">\n<li>Standard-Rollenketten nach <a href=\"https:\/\/www.kettentechnik.de\/de\/category\/ketten\/rollenketten\/rollenketten-din-8187\/\">DIN 8187 \/ ISO606<\/a> und <a href=\"https:\/\/www.kettentechnik.de\/de\/category\/ketten\/rollenketten\/rollenketten-din-8188\/\">DIN 8188<\/a><\/li>\n\n\n\n<li><a href=\"https:\/\/www.kettentechnik.de\/de\/category\/ketten\/rollenketten\/rostfreie-rollenketten\/\">Rostfreie<\/a>, <a href=\"https:\/\/www.kettentechnik.de\/de\/category\/ketten\/rollenketten\/vernickelte-ketten\/\">vernickelte <\/a>und <a href=\"https:\/\/www.kettentechnik.de\/de\/category\/ketten\/rollenketten\/verzinkte-ketten\/\">verzinkte <\/a>Rollenketten<\/li>\n\n\n\n<li><a href=\"https:\/\/www.kettentechnik.de\/de\/category\/ketten\/langglied-rollenketten\/\">Langglied-Rollenketten nach DIN 8181<\/a><\/li>\n\n\n\n<li><a href=\"https:\/\/www.kettentechnik.de\/de\/2011\/09\/14\/foerderketten-din-8165\/\">F\u00f6rderketten nach DIN 8165<\/a> oder <a href=\"https:\/\/www.kettentechnik.de\/de\/2011\/09\/14\/foerderketten-din-8167\/\">DIN 8167<\/a> und nach Zeichnung<\/li>\n\n\n\n<li><a href=\"https:\/\/www.kettentechnik.de\/de\/category\/ketten\/flyer-ketten\/\">Flyerketten nach DIN 8152<\/a> oder Werksnorm<\/li>\n\n\n\n<li><a href=\"https:\/\/www.kettentechnik.de\/de\/category\/ketten\/gallketten\/\">Gallketten nach DIN 8150<\/a>, <a href=\"https:\/\/www.kettentechnik.de\/de\/category\/ketten\/buchsenketten\/\">Buchsenketten nach DIN 8164<\/a><\/li>\n\n\n\n<li>Sonder- und Spezialketten, <a href=\"https:\/\/www.kettentechnik.de\/de\/category\/ketten\/rollenketten\/rollenketten-mit-winkeln\/\">Ketten mit Mitnehmern und Anbauteilen<\/a><\/li>\n\n\n\n<li><a href=\"https:\/\/www.kettentechnik.de\/de\/2013\/06\/12\/rotary-ketten-ketten-mit-gekropften-laschen\/\">Rotaryketten <\/a>und <a href=\"https:\/\/www.kettentechnik.de\/de\/category\/ketten\/landmaschinenketten\/\">Landmaschinenketten nach DIN8189 oder Werksnorm<\/a><\/li>\n<\/ul>\n\n\n\n<p>Neu in unserem Sortiment sind <a href=\"https:\/\/www.kettentechnik.de\/de\/category\/ketten\/scharnierbandketten\/\"><strong>Scharnierbandketten<\/strong> <\/a>sowie Rundstahlketten (z.\u202fB. nach <a href=\"https:\/\/www.kettentechnik.de\/de\/2011\/08\/23\/ankerketten-rundstahlketten-din-766\/\">DIN 766<\/a>, <a href=\"https:\/\/www.kettentechnik.de\/de\/2011\/09\/14\/rundstahlkette-din-7635685-c\/\">DIN 763<\/a>, <a href=\"https:\/\/www.kettentechnik.de\/de\/2013\/03\/06\/rundstahlketten-nach-din-764\/\">DIN 764<\/a>) inklusive passendem Zubeh\u00f6r wie <a href=\"https:\/\/www.kettentechnik.de\/de\/2013\/02\/27\/karabinerhaken-din-5299-form-c\/\">Karabinerhaken<\/a>, <a href=\"https:\/\/www.kettentechnik.de\/de\/2013\/03\/11\/gabelkopfhaken-guteklasse-8-2\/\">Gabelkopfhaken<\/a>, <a href=\"https:\/\/www.kettentechnik.de\/de\/category\/zubehoer\/rundstahlkettenzubehor-zubehoer\/karabiner-schakel-verbinder-notglieder\/\">Sch\u00e4kel <\/a>und <a href=\"https:\/\/www.kettentechnik.de\/de\/2013\/12\/16\/spannschloss-din-1480\/\">Spannschl\u00f6sser<\/a>.<\/p>\n\n\n\n<hr class=\"wp-block-separator has-alpha-channel-opacity\"\/>\n\n\n\n<h2 class=\"wp-block-heading\"><a href=\"https:\/\/www.kettentechnik.de\/de\/category\/kettenraeder\/kettenrader-mit-nabe\/\">Kettenr\u00e4der <\/a>&amp; <a href=\"https:\/\/www.kettentechnik.de\/de\/category\/kettenraeder\/kettenradscheiben-ohne-nabe\/\">Kettenradscheiben <\/a>\u2013 pr\u00e4zise und langlebig<\/h2>\n\n\n\n<p>Passend zu unseren <a href=\"https:\/\/www.kettentechnik.de\/de\/category\/ketten\/rollenketten\/\"><strong>Rollenketten<\/strong> <\/a>bieten wir <a href=\"https:\/\/www.kettentechnik.de\/de\/category\/kettenraeder\/\"><strong>Kettenr\u00e4der<\/strong> <\/a>in allen Bauformen und Ausf\u00fchrungen:<\/p>\n\n\n\n<ul class=\"wp-block-list\">\n<li><a href=\"https:\/\/www.kettentechnik.de\/de\/category\/kettenraeder\/kettenrader-mit-nabe\/\">Mit <\/a>oder <a href=\"https:\/\/www.kettentechnik.de\/de\/category\/kettenraeder\/kettenradscheiben-ohne-nabe\/\">ohne <\/a>Nabe<\/li>\n\n\n\n<li>In <a href=\"https:\/\/www.kettentechnik.de\/de\/category\/kettenraeder\/rostfreie-kettenrader\/\">rostfreier<\/a> Ausf\u00fchrung oder mit <a href=\"https:\/\/www.kettentechnik.de\/de\/category\/kettenraeder\/kettenraeder-mit-gehaerteten-zaehnen\/\">geh\u00e4rteten Z\u00e4hnen<\/a><\/li>\n\n\n\n<li>Individuelle Z\u00e4hnezahl nach Kundenwunsch<\/li>\n<\/ul>\n\n\n\n<p>Ab Lager lieferbar, um Ihre Produktionsprozesse effizient und zuverl\u00e4ssig zu unterst\u00fctzen.<\/p>\n\n\n\n<hr class=\"wp-block-separator has-alpha-channel-opacity\"\/>\n\n\n\n<h2 class=\"wp-block-heading\">Lagerbestand &amp; Sofortlieferung<\/h2>\n\n\n\n<p>Dank unseres 1200\u202fm\u00b2 gro\u00dfen Hochregallagers in der Zentrale sowie 1000\u202fm\u00b2 in Werther bei Bielefeld k\u00f6nnen wir <strong>Rollenketten<\/strong> und <strong>Kettenr\u00e4der<\/strong> in vielen Gr\u00f6\u00dfen sofort liefern. Neben Ketten und Kettenr\u00e4dern f\u00fchren wir auch:<\/p>\n\n\n\n<ul class=\"wp-block-list\">\n<li><a href=\"https:\/\/www.kettentechnik.de\/de\/category\/zubehoer\/taper-buchsen-tl-buchsen\/\">Taperlock-Buchsen<\/a><\/li>\n\n\n\n<li><a href=\"https:\/\/www.kettentechnik.de\/de\/category\/zahnraeder\/\">Zahnr\u00e4der <\/a>&amp; <a href=\"https:\/\/www.kettentechnik.de\/de\/category\/zahnraeder\/zahnstangen-vierkant\/\">Zahnstangen<\/a><\/li>\n\n\n\n<li><a href=\"https:\/\/www.kettentechnik.de\/de\/category\/antrieb\/spannsaetze\/\">Spanns\u00e4tze <\/a>und <a href=\"https:\/\/www.kettentechnik.de\/de\/category\/antrieb\/gehauseeinheiten\/\">Geh\u00e4useeinheiten<\/a><\/li>\n\n\n\n<li><a href=\"https:\/\/www.kettentechnik.de\/de\/category\/antrieb\/keilriemenscheiben\/\">Keilriemenscheiben <\/a>und <a href=\"https:\/\/www.kettentechnik.de\/de\/category\/antrieb\/zahnriemenscheiben\/\">Zahnriemenscheiben<\/a><\/li>\n\n\n\n<li><a href=\"https:\/\/www.kettentechnik.de\/de\/category\/zubehoer\/kunststoff-gleitschienen-fur-rollenketten\/\">Kunststoffgleitschienen<\/a><\/li>\n\n\n\n<li><a href=\"https:\/\/www.kettentechnik.de\/de\/category\/antrieb\/trapezgewindespindel-und-muttern\/trapezgewindespindel\/\">Trapezgewindespindeln <\/a>und <a href=\"https:\/\/www.kettentechnik.de\/de\/category\/antrieb\/trapezgewindespindel-und-muttern\/\">Trapezgewindemuttern<\/a><\/li>\n<\/ul>\n\n\n\n<hr class=\"wp-block-separator has-alpha-channel-opacity\"\/>\n\n\n\n<h2 class=\"wp-block-heading\">Qualit\u00e4t &amp; Service \u201evor Ort\u201c<\/h2>\n\n\n\n<p>Unsere engagierten Mitarbeiter in zwei Niederlassungen stehen Ihnen jederzeit f\u00fcr Beratung und Service vor Ort zur Verf\u00fcgung. Seit November 2023 ist die KTS Kettentechnik GmbH nach <strong>DIN EN ISO 9001<\/strong> und <strong>DIN EN ISO 14001<\/strong> zertifiziert \u2013 f\u00fcr h\u00f6chste Qualit\u00e4t und nachhaltige Prozesse.<\/p>\n\n\n\n<hr class=\"wp-block-separator has-alpha-channel-opacity\"\/>\n\n\n\n<h2 class=\"wp-block-heading\">Zusatzkatalog &amp; Kontakt<\/h2>\n\n\n\n<p>Fordern Sie jetzt unseren <strong>Zusatzkatalog<\/strong> per E-Mail an: <strong><a>info@kettentechnik.de<\/a><\/strong> und entdecken Sie unser komplettes Sortiment an <strong>Rollenketten<\/strong> und <strong>Kettenr\u00e4dern<\/strong>.<\/p>\n\n\n\n<p><strong>KTS Kettentechnik \u2013 the chain company.<\/strong><\/p>\n\n\n\n<div id=\"box_wrap_bottom\">\n<div class=\"box_half left\">\n<h2>KTS Katalog<\/h2>\n<figure><div class=\"product_image\"><a title=\"KTS Katalog\" href=\"https:\/\/kettentechnik-shop.de\/media\/pdf\/50\/9c\/65\/KTS_Katalog_web-komprimiert.pdf\" target=\"_blank\" rel=\"attachment noopener wp-att-4041 noreferrer\"><img loading=\"lazy\" decoding=\"async\" class=\"alignleft wp-image-4041\" title=\"KTS Kettentechnik Katalog\" src=\"http:\/\/www.kettentechnik.de\/wp-content\/uploads\/2011\/05\/katalog-deckblatt1.png\" alt=\"Rollenketten und Kettenr\u00e4der sind unser Antrieb!\" width=\"99\" height=\"139\" \/><\/a><\/div><\/figure>\n<p>Schauen Sie sich <a href=\"https:\/\/www.kettentechnik-shop.de\/media\/5d\/b1\/6c\/1703749236\/KTS_Katalog_web-komprimiert.pdf\" target=\"_blank\" rel=\"noopener\">hier<\/a> unseren Katalog an. Auf fast 200 Seiten finden Sie dort die ganze Welt der Kettentechnik und vieles mehr. Wie zum Beispiel <strong>Rollenketten, Kettenr\u00e4der, F\u00f6rderketten, Stahlgelenkketten, Zahnstangen, Keilriemenscheiben und noch viel mehr an Antriebstechnik <\/strong>mit realistischen Abbildungen, Zeichnungen und Ma\u00dftabellen.<\/p>\n<p><a href=\"https:\/\/www.kettentechnik-shop.de\/media\/58\/1d\/88\/1703749227\/KTS_ZUSATZ.pdf\" target=\"_blank\" rel=\"noopener\">Hier<\/a> erhalten Sie unseren Rundstahlketten Katalog !<\/p>\n<p>Sie m\u00f6chten noch etwas in der Hand haben? Dann fordern Sie <a href=\"https:\/\/www.kettentechnik.de\/de\/kts-katalog-anforderung\/\" target=\"_blank\" rel=\"noopener noreferrer\">hier<\/a> unsere Kataloge in Papierform an.<\/p>\n<\/div>\n<div class=\"box_half right\">\n<h2>TEC &#8230; die Marke<\/h2>\n<p>Im Jahre 2003 wurde das Markenzeichen &#8222;TEC&#8220; beim Deutschen Patent- und Markenamt f\u00fcr die KTS Kettentechnik GmbH eingetragen. Mehr Informationen dazu finden Sie hier: <a title=\"TEC_Registrierung\" href=\"https:\/\/www.kettentechnik.de\/de\/tec_registrierung\/\">TEC-Registrierung<\/a> oder hier: <a title=\"TEC_Markierungen\" href=\"https:\/\/www.kettentechnik.de\/de\/tec_markierungen\/\">TEC-Markierungen\/Brands<\/a><\/p>\n<\/div>\n<\/div>\n","protected":false},"excerpt":{"rendered":"<p>Rollenketten und Kettenr\u00e4der sind unser Antrieb! KTS Kettentechnik GmbH \u2013 Rollenketten &amp; Kettenr\u00e4der f\u00fcr Maschinenbau Die KTS Kettentechnik GmbH ist seit 1995 Ihr zuverl\u00e4ssiger Partner im Maschinen- und Anlagenbau. Wir bieten ein umfassendes Sortiment an Rollenketten und Kettenr\u00e4dern f\u00fcr nahezu &hellip; <a href=\"https:\/\/www.kettentechnik.de\/de\/\">Weiterlesen <span class=\"meta-nav\">&rarr;<\/span><\/a><\/p>\n","protected":false},"author":1,"featured_media":0,"parent":0,"menu_order":0,"comment_status":"closed","ping_status":"open","template":"startseite.php","meta":{"_monsterinsights_skip_tracking":false,"_monsterinsights_sitenote_active":false,"_monsterinsights_sitenote_note":"","_monsterinsights_sitenote_category":0,"footnotes":""},"class_list":["post-61","page","type-page","status-publish","hentry"],"yoast_head":"<!-- This site is optimized with the Yoast SEO plugin v24.9 - https:\/\/yoast.com\/wordpress\/plugins\/seo\/ -->\n<title>KTS Kettentechnik GmbH - Rollenketten und Kettenr\u00e4der aus Vorrat<\/title>\n<meta name=\"description\" content=\"KTS Kettentechnik GmbH: Rollenketten und Kettenr\u00e4der sofort aus Vorrat lieferbar. Schnelle Lieferung und g\u00fcnstige Preise. KTS - the chain company...\" \/>\n<meta name=\"robots\" content=\"index, follow, max-snippet:-1, max-image-preview:large, max-video-preview:-1\" \/>\n<link rel=\"canonical\" href=\"https:\/\/www.kettentechnik.de\/de\/\" \/>\n<meta property=\"og:locale\" content=\"de_DE\" \/>\n<meta property=\"og:type\" content=\"article\" \/>\n<meta property=\"og:title\" content=\"KTS Kettentechnik GmbH - Rollenketten und Kettenr\u00e4der aus Vorrat\" \/>\n<meta property=\"og:description\" content=\"KTS Kettentechnik GmbH: Rollenketten und Kettenr\u00e4der sofort aus Vorrat lieferbar. Schnelle Lieferung und g\u00fcnstige Preise. KTS - the chain company...\" \/>\n<meta property=\"og:url\" content=\"https:\/\/www.kettentechnik.de\/de\/\" \/>\n<meta property=\"og:site_name\" content=\"Deutsch\" \/>\n<meta property=\"article:publisher\" content=\"https:\/\/www.facebook.com\/pages\/KTS-Kettentechnik-GmbH\/411832932300884?fref=ts\" \/>\n<meta property=\"article:modified_time\" content=\"2025-10-14T11:15:21+00:00\" \/>\n<meta property=\"og:image\" content=\"https:\/\/www.kettentechnik.de\/de\/wp-content\/uploads\/sites\/2\/2015\/08\/KTS_logo_freigestellt.gif\" \/>\n\t<meta property=\"og:image:width\" content=\"785\" \/>\n\t<meta property=\"og:image:height\" content=\"368\" \/>\n\t<meta property=\"og:image:type\" content=\"image\/gif\" \/>\n<meta name=\"twitter:card\" content=\"summary_large_image\" \/>\n<meta name=\"twitter:site\" content=\"@Kettentechnik\" \/>\n<meta name=\"twitter:label1\" content=\"Gesch\u00e4tzte Lesezeit\" \/>\n\t<meta name=\"twitter:data1\" content=\"3\u00a0Minuten\" \/>\n<script type=\"application\/ld+json\" class=\"yoast-schema-graph\">{\"@context\":\"https:\/\/schema.org\",\"@graph\":[{\"@type\":\"WebPage\",\"@id\":\"https:\/\/www.kettentechnik.de\/de\/\",\"url\":\"https:\/\/www.kettentechnik.de\/de\/\",\"name\":\"KTS Kettentechnik GmbH - Rollenketten und Kettenr\u00e4der aus Vorrat\",\"isPartOf\":{\"@id\":\"https:\/\/www.kettentechnik.de\/de\/#website\"},\"primaryImageOfPage\":{\"@id\":\"https:\/\/www.kettentechnik.de\/de\/#primaryimage\"},\"image\":{\"@id\":\"https:\/\/www.kettentechnik.de\/de\/#primaryimage\"},\"thumbnailUrl\":\"http:\/\/kettentechnik.de\/wp-content\/uploads\/2011\/05\/KTS_Panorama_11-1024x171.png\",\"datePublished\":\"2011-05-11T19:17:37+00:00\",\"dateModified\":\"2025-10-14T11:15:21+00:00\",\"description\":\"KTS Kettentechnik GmbH: Rollenketten und Kettenr\u00e4der sofort aus Vorrat lieferbar. Schnelle Lieferung und g\u00fcnstige Preise. KTS - the chain company...\",\"breadcrumb\":{\"@id\":\"https:\/\/www.kettentechnik.de\/de\/#breadcrumb\"},\"inLanguage\":\"de\",\"potentialAction\":[{\"@type\":\"ReadAction\",\"target\":[\"https:\/\/www.kettentechnik.de\/de\/\"]}]},{\"@type\":\"ImageObject\",\"inLanguage\":\"de\",\"@id\":\"https:\/\/www.kettentechnik.de\/de\/#primaryimage\",\"url\":\"http:\/\/kettentechnik.de\/wp-content\/uploads\/2011\/05\/KTS_Panorama_11-1024x171.png\",\"contentUrl\":\"http:\/\/kettentechnik.de\/wp-content\/uploads\/2011\/05\/KTS_Panorama_11-1024x171.png\"},{\"@type\":\"BreadcrumbList\",\"@id\":\"https:\/\/www.kettentechnik.de\/de\/#breadcrumb\",\"itemListElement\":[{\"@type\":\"ListItem\",\"position\":1,\"name\":\"Home\",\"item\":\"https:\/\/www.kettentechnik.de\/de\/\"},{\"@type\":\"ListItem\",\"position\":2,\"name\":\"KTS Kettentechnik GmbH\"}]},{\"@type\":\"WebSite\",\"@id\":\"https:\/\/www.kettentechnik.de\/de\/#website\",\"url\":\"https:\/\/www.kettentechnik.de\/de\/\",\"name\":\"Deutsch\",\"description\":\"Rollenketten und Kettenr\u00e4der aus Vorrat\",\"publisher\":{\"@id\":\"https:\/\/www.kettentechnik.de\/de\/#organization\"},\"potentialAction\":[{\"@type\":\"SearchAction\",\"target\":{\"@type\":\"EntryPoint\",\"urlTemplate\":\"https:\/\/www.kettentechnik.de\/de\/?s={search_term_string}\"},\"query-input\":{\"@type\":\"PropertyValueSpecification\",\"valueRequired\":true,\"valueName\":\"search_term_string\"}}],\"inLanguage\":\"de\"},{\"@type\":\"Organization\",\"@id\":\"https:\/\/www.kettentechnik.de\/de\/#organization\",\"name\":\"KTS Kettentechnik GmbH\",\"url\":\"https:\/\/www.kettentechnik.de\/de\/\",\"logo\":{\"@type\":\"ImageObject\",\"inLanguage\":\"de\",\"@id\":\"https:\/\/www.kettentechnik.de\/de\/#\/schema\/logo\/image\/\",\"url\":\"http:\/\/www.kettentechnik.de\/de\/wp-content\/uploads\/sites\/2\/2015\/08\/KTS_logo_freigestellt.gif\",\"contentUrl\":\"http:\/\/www.kettentechnik.de\/de\/wp-content\/uploads\/sites\/2\/2015\/08\/KTS_logo_freigestellt.gif\",\"width\":785,\"height\":368,\"caption\":\"KTS Kettentechnik GmbH\"},\"image\":{\"@id\":\"https:\/\/www.kettentechnik.de\/de\/#\/schema\/logo\/image\/\"},\"sameAs\":[\"https:\/\/www.facebook.com\/pages\/KTS-Kettentechnik-GmbH\/411832932300884?fref=ts\",\"https:\/\/x.com\/Kettentechnik\",\"https:\/\/www.linkedin.com\/company\/6205865?trk=tyah&amp;amp;amp;trkInfo=clickedVertical:company,clickedEntityId:6205865,idx:2-1-2,tarId:1464766025858,tas:kts ket\"]}]}<\/script>\n<!-- \/ Yoast SEO plugin. -->","yoast_head_json":{"title":"KTS Kettentechnik GmbH - Rollenketten und Kettenr\u00e4der aus Vorrat","description":"KTS Kettentechnik GmbH: Rollenketten und Kettenr\u00e4der sofort aus Vorrat lieferbar. Schnelle Lieferung und g\u00fcnstige Preise. KTS - the chain company...","robots":{"index":"index","follow":"follow","max-snippet":"max-snippet:-1","max-image-preview":"max-image-preview:large","max-video-preview":"max-video-preview:-1"},"canonical":"https:\/\/www.kettentechnik.de\/de\/","og_locale":"de_DE","og_type":"article","og_title":"KTS Kettentechnik GmbH - Rollenketten und Kettenr\u00e4der aus Vorrat","og_description":"KTS Kettentechnik GmbH: Rollenketten und Kettenr\u00e4der sofort aus Vorrat lieferbar. Schnelle Lieferung und g\u00fcnstige Preise. KTS - the chain company...","og_url":"https:\/\/www.kettentechnik.de\/de\/","og_site_name":"Deutsch","article_publisher":"https:\/\/www.facebook.com\/pages\/KTS-Kettentechnik-GmbH\/411832932300884?fref=ts","article_modified_time":"2025-10-14T11:15:21+00:00","og_image":[{"width":785,"height":368,"url":"https:\/\/www.kettentechnik.de\/de\/wp-content\/uploads\/sites\/2\/2015\/08\/KTS_logo_freigestellt.gif","type":"image\/gif"}],"twitter_card":"summary_large_image","twitter_site":"@Kettentechnik","twitter_misc":{"Gesch\u00e4tzte Lesezeit":"3\u00a0Minuten"},"schema":{"@context":"https:\/\/schema.org","@graph":[{"@type":"WebPage","@id":"https:\/\/www.kettentechnik.de\/de\/","url":"https:\/\/www.kettentechnik.de\/de\/","name":"KTS Kettentechnik GmbH - Rollenketten und Kettenr\u00e4der aus Vorrat","isPartOf":{"@id":"https:\/\/www.kettentechnik.de\/de\/#website"},"primaryImageOfPage":{"@id":"https:\/\/www.kettentechnik.de\/de\/#primaryimage"},"image":{"@id":"https:\/\/www.kettentechnik.de\/de\/#primaryimage"},"thumbnailUrl":"http:\/\/kettentechnik.de\/wp-content\/uploads\/2011\/05\/KTS_Panorama_11-1024x171.png","datePublished":"2011-05-11T19:17:37+00:00","dateModified":"2025-10-14T11:15:21+00:00","description":"KTS Kettentechnik GmbH: Rollenketten und Kettenr\u00e4der sofort aus Vorrat lieferbar. Schnelle Lieferung und g\u00fcnstige Preise. KTS - the chain company...","breadcrumb":{"@id":"https:\/\/www.kettentechnik.de\/de\/#breadcrumb"},"inLanguage":"de","potentialAction":[{"@type":"ReadAction","target":["https:\/\/www.kettentechnik.de\/de\/"]}]},{"@type":"ImageObject","inLanguage":"de","@id":"https:\/\/www.kettentechnik.de\/de\/#primaryimage","url":"http:\/\/kettentechnik.de\/wp-content\/uploads\/2011\/05\/KTS_Panorama_11-1024x171.png","contentUrl":"http:\/\/kettentechnik.de\/wp-content\/uploads\/2011\/05\/KTS_Panorama_11-1024x171.png"},{"@type":"BreadcrumbList","@id":"https:\/\/www.kettentechnik.de\/de\/#breadcrumb","itemListElement":[{"@type":"ListItem","position":1,"name":"Home","item":"https:\/\/www.kettentechnik.de\/de\/"},{"@type":"ListItem","position":2,"name":"KTS Kettentechnik GmbH"}]},{"@type":"WebSite","@id":"https:\/\/www.kettentechnik.de\/de\/#website","url":"https:\/\/www.kettentechnik.de\/de\/","name":"Deutsch","description":"Rollenketten und Kettenr\u00e4der aus Vorrat","publisher":{"@id":"https:\/\/www.kettentechnik.de\/de\/#organization"},"potentialAction":[{"@type":"SearchAction","target":{"@type":"EntryPoint","urlTemplate":"https:\/\/www.kettentechnik.de\/de\/?s={search_term_string}"},"query-input":{"@type":"PropertyValueSpecification","valueRequired":true,"valueName":"search_term_string"}}],"inLanguage":"de"},{"@type":"Organization","@id":"https:\/\/www.kettentechnik.de\/de\/#organization","name":"KTS Kettentechnik GmbH","url":"https:\/\/www.kettentechnik.de\/de\/","logo":{"@type":"ImageObject","inLanguage":"de","@id":"https:\/\/www.kettentechnik.de\/de\/#\/schema\/logo\/image\/","url":"http:\/\/www.kettentechnik.de\/de\/wp-content\/uploads\/sites\/2\/2015\/08\/KTS_logo_freigestellt.gif","contentUrl":"http:\/\/www.kettentechnik.de\/de\/wp-content\/uploads\/sites\/2\/2015\/08\/KTS_logo_freigestellt.gif","width":785,"height":368,"caption":"KTS Kettentechnik GmbH"},"image":{"@id":"https:\/\/www.kettentechnik.de\/de\/#\/schema\/logo\/image\/"},"sameAs":["https:\/\/www.facebook.com\/pages\/KTS-Kettentechnik-GmbH\/411832932300884?fref=ts","https:\/\/x.com\/Kettentechnik","https:\/\/www.linkedin.com\/company\/6205865?trk=tyah&amp;amp;amp;trkInfo=clickedVertical:company,clickedEntityId:6205865,idx:2-1-2,tarId:1464766025858,tas:kts ket"]}]}},"_links":{"self":[{"href":"https:\/\/www.kettentechnik.de\/de\/wp-json\/wp\/v2\/pages\/61","targetHints":{"allow":["GET"]}}],"collection":[{"href":"https:\/\/www.kettentechnik.de\/de\/wp-json\/wp\/v2\/pages"}],"about":[{"href":"https:\/\/www.kettentechnik.de\/de\/wp-json\/wp\/v2\/types\/page"}],"author":[{"embeddable":true,"href":"https:\/\/www.kettentechnik.de\/de\/wp-json\/wp\/v2\/users\/1"}],"replies":[{"embeddable":true,"href":"https:\/\/www.kettentechnik.de\/de\/wp-json\/wp\/v2\/comments?post=61"}],"version-history":[{"count":58,"href":"https:\/\/www.kettentechnik.de\/de\/wp-json\/wp\/v2\/pages\/61\/revisions"}],"predecessor-version":[{"id":11433,"href":"https:\/\/www.kettentechnik.de\/de\/wp-json\/wp\/v2\/pages\/61\/revisions\/11433"}],"wp:attachment":[{"href":"https:\/\/www.kettentechnik.de\/de\/wp-json\/wp\/v2\/media?parent=61"}],"curies":[{"name":"wp","href":"https:\/\/api.w.org\/{rel}","templated":true}]}}