{"id":359,"date":"2011-08-15T13:03:02","date_gmt":"2011-08-15T11:03:02","guid":{"rendered":"http:\/\/kettentechnik.de\/?page_id=359"},"modified":"2026-04-10T10:53:54","modified_gmt":"2026-04-10T08:53:54","slug":"mitarbeiterliste-pampow","status":"publish","type":"page","link":"https:\/\/www.kettentechnik.de\/de\/mitarbeiterliste-pampow\/","title":{"rendered":"Unsere Mitarbeiter\/innen in Pampow\/Schwerin"},"content":{"rendered":"<table style=\"width: 110.119%; height: 616px;\" cellspacing=\"2\">\n<thead>\n<tr style=\"height: 18px;\">\n<td style=\"height: 18px; width: 23.7838%;\" align=\"left\" valign=\"top\"><strong><strong>Pampow \/ Schwerin<\/strong><\/strong><\/td>\n<td style=\"height: 18px; width: 27.027%;\" align=\"left\" valign=\"top\"><\/td>\n<td style=\"height: 18px; width: 24.6487%;\" align=\"left\" valign=\"top\"><\/td>\n<td style=\"height: 18px; width: 23.2432%;\" align=\"left\" valign=\"top\"><\/td>\n<\/tr>\n<tr style=\"height: 27px;\">\n<td style=\"height: 27px; width: 23.7838%;\" align=\"left\" valign=\"top\"><strong>Name<\/strong><\/td>\n<td style=\"height: 27px; width: 27.027%;\" align=\"left\" valign=\"top\">\u00a0<strong>eMail-Adresse<\/strong><\/td>\n<td style=\"height: 27px; width: 24.6487%;\" align=\"left\" valign=\"top\"><strong>Abteilung<\/strong><\/td>\n<td style=\"height: 27px; width: 23.2432%;\" align=\"left\" valign=\"top\"><strong>\u00a0Telefon<\/strong><\/td>\n<\/tr>\n<\/thead>\n<tbody>\n<tr style=\"height: 42px;\">\n<td style=\"text-align: center; height: 42px; width: 23.7838%;\" align=\"left\" valign=\"top\">Wilfried G\u00f6\u00dfling<\/td>\n<td style=\"height: 42px; width: 27.027%;\" align=\"left\" valign=\"top\">w.goessling@kettentechnik.de<\/td>\n<td style=\"height: 42px; width: 24.6487%;\" align=\"left\" valign=\"top\">Gesch\u00e4ftsf\u00fchrer<\/td>\n<td style=\"height: 42px; width: 23.2432%;\" align=\"left\" valign=\"top\">05203 &#8211; 9015020<\/td>\n<\/tr>\n<tr style=\"height: 18px;\">\n<td style=\"text-align: center; height: 18px; width: 23.7838%;\" align=\"left\" valign=\"top\">Sebastian Klemm<\/td>\n<td style=\"height: 18px; width: 27.027%;\" align=\"left\" valign=\"top\">s.klemm@kettentechnik.de<\/td>\n<td style=\"height: 18px; width: 24.6487%;\" align=\"left\" valign=\"top\">Prokurist \/ Betriebsleiter<\/td>\n<td style=\"height: 18px; width: 23.2432%;\" align=\"left\" valign=\"top\">03865 &#8211; 73 205<\/td>\n<\/tr>\n<tr style=\"height: 18px;\">\n<td style=\"text-align: center; height: 18px; width: 23.7838%;\" align=\"left\" valign=\"top\">Andr\u00e9 Homann<\/td>\n<td style=\"height: 18px; width: 27.027%;\" align=\"left\" valign=\"top\">a.homann@kettentechnik.de<\/td>\n<td style=\"height: 18px; width: 24.6487%;\" align=\"left\" valign=\"top\">Verkaufsleitung<\/td>\n<td style=\"height: 18px; width: 23.2432%;\" align=\"left\" valign=\"top\">03865 &#8211; 73 215<\/td>\n<\/tr>\n<tr style=\"height: 32px;\">\n<td style=\"text-align: center; width: 23.7838%; height: 32px;\">Lasse D\u00fcde<\/td>\n<td style=\"width: 27.027%; height: 32px;\">l.duede@kettentechnik.de<\/td>\n<td style=\"width: 24.6487%; height: 32px;\">Verkauf<\/td>\n<td style=\"width: 23.2432%; height: 32px;\">03865 &#8211; 73 116<\/td>\n<\/tr>\n<tr style=\"height: 18px;\">\n<td style=\"text-align: center; height: 18px; width: 23.7838%;\" align=\"left\" valign=\"top\">Heike Strohmeyer<\/td>\n<td style=\"height: 18px; width: 27.027%;\" align=\"left\" valign=\"top\">h.strohmeyer@kettentechnik.de<\/td>\n<td style=\"height: 18px; width: 24.6487%;\" align=\"left\" valign=\"top\">Auftragsbearbeitung<\/td>\n<td style=\"height: 18px; width: 23.2432%;\" align=\"left\" valign=\"top\">03865 &#8211; 73 115<\/td>\n<\/tr>\n<tr style=\"height: 18px;\">\n<td style=\"text-align: center; height: 18px; width: 23.7838%;\" align=\"left\" valign=\"top\">Silke Kanski<\/td>\n<td style=\"height: 18px; width: 27.027%;\" align=\"left\" valign=\"top\">s.kanski@kettentechnik.de<\/td>\n<td style=\"height: 18px; width: 24.6487%;\" align=\"left\" valign=\"top\">Angebotserstellung<\/td>\n<td style=\"height: 18px; width: 23.2432%;\" align=\"left\" valign=\"top\">03865 &#8211; 73 208<\/td>\n<\/tr>\n<tr style=\"height: 23px;\">\n<td style=\"text-align: center; width: 23.7838%; height: 23px;\">Mandy Isler<\/td>\n<td style=\"width: 27.027%; height: 23px;\">ma.isler@kettentechnik.de<\/td>\n<td style=\"width: 24.6487%; height: 23px;\">Angebotserstellung<\/td>\n<td style=\"width: 23.2432%; height: 23px;\">03865 &#8211; 73 143<\/td>\n<\/tr>\n<tr style=\"height: 18px;\">\n<td style=\"text-align: center; height: 18px; width: 23.7838%;\" align=\"left\" valign=\"top\">Diana Klemm<\/td>\n<td style=\"height: 18px; width: 27.027%;\" align=\"left\" valign=\"top\">d.klemm@kettentechnik.de<\/td>\n<td style=\"height: 18px; width: 24.6487%;\" align=\"left\" valign=\"top\">Buchhaltung<\/td>\n<td style=\"height: 18px; width: 23.2432%;\" align=\"left\" valign=\"top\">03865 &#8211; 73 203<\/td>\n<\/tr>\n<tr style=\"height: 24px;\">\n<td style=\"text-align: center; width: 23.7838%; height: 24px;\">Helge Richter<\/td>\n<td style=\"width: 27.027%; height: 24px;\">h.richter@kettentechnik.de<\/td>\n<td style=\"width: 24.6487%; height: 24px;\">Koordination Liefertermine<\/td>\n<td style=\"width: 23.2432%; height: 24px;\">03865 &#8211; 73 212<\/td>\n<\/tr>\n<tr style=\"height: 23px;\">\n<td style=\"text-align: center; width: 23.7838%; height: 23px;\">Vanessa R\u00f6tz<\/td>\n<td style=\"width: 27.027%; height: 23px;\">v.roetz@kettentechnik.de<\/td>\n<td style=\"width: 24.6487%; height: 23px;\">Angebotserstellung<\/td>\n<td style=\"width: 23.2432%; height: 23px;\">03865 &#8211; 73 104<\/td>\n<\/tr>\n<tr>\n<td style=\"text-align: center; width: 23.7838%;\">Melanie Telschow<\/td>\n<td style=\"width: 27.027%;\">m.telschow@kettentechnik.de<\/td>\n<td style=\"width: 24.6487%;\">Rechnungserstellung<\/td>\n<td style=\"width: 23.2432%;\">03865 &#8211; 73 211<\/td>\n<\/tr>\n<tr style=\"height: 23px;\">\n<td style=\"text-align: center; width: 23.7838%; height: 23px;\">Sebastian Domke<\/td>\n<td style=\"width: 27.027%; height: 23px;\">s.domke@kettentechnik.de<\/td>\n<td style=\"width: 24.6487%; height: 23px;\">Umsch\u00fcler<\/td>\n<td style=\"width: 23.2432%; height: 23px;\">03865 &#8211; 73 123<\/td>\n<\/tr>\n<tr style=\"height: 23px;\">\n<td style=\"text-align: center; width: 23.7838%; height: 23px;\">Frank Buchholz<\/td>\n<td style=\"width: 27.027%; height: 23px;\">f.buchholz@kettentechnik.de<\/td>\n<td style=\"width: 24.6487%; height: 23px;\">Umsch\u00fcler<\/td>\n<td style=\"width: 23.2432%; height: 23px;\">03865 &#8211; 73 206<\/td>\n<\/tr>\n<tr style=\"height: 273px;\">\n<td style=\"height: 273px; width: 23.7838%;\" align=\"left\" valign=\"top\">Christian Hagen (Lagermeister)Alexej MayzelisIngwald Weber<\/p>\n<p>Patrick Barth<\/p>\n<p>Justin Miering<\/p>\n<p>Stefan Facklam<\/td>\n<td style=\"height: 273px; width: 27.027%;\" align=\"left\" valign=\"top\">technik@kettentechnik.de<\/td>\n<td style=\"height: 273px; width: 24.6487%;\" align=\"left\" valign=\"top\">Lager<\/td>\n<td style=\"height: 273px; width: 23.2432%;\" align=\"left\" valign=\"top\">03865 &#8211; 73 101<\/td>\n<\/tr>\n<\/tbody>\n<\/table>\n","protected":false},"excerpt":{"rendered":"<p>Pampow \/ Schwerin Name \u00a0eMail-Adresse Abteilung \u00a0Telefon Wilfried G\u00f6\u00dfling w.goessling@kettentechnik.de Gesch\u00e4ftsf\u00fchrer 05203 &#8211; 9015020 Sebastian Klemm s.klemm@kettentechnik.de Prokurist \/ Betriebsleiter 03865 &#8211; 73 205 Andr\u00e9 Homann a.homann@kettentechnik.de Verkaufsleitung 03865 &#8211; 73 215 Lasse D\u00fcde l.duede@kettentechnik.de Verkauf 03865 &#8211; 73 116 &hellip; <a href=\"https:\/\/www.kettentechnik.de\/de\/mitarbeiterliste-pampow\/\">Weiterlesen <span class=\"meta-nav\">&rarr;<\/span><\/a><\/p>\n","protected":false},"author":1,"featured_media":0,"parent":0,"menu_order":0,"comment_status":"closed","ping_status":"open","template":"","meta":{"_monsterinsights_skip_tracking":false,"_monsterinsights_sitenote_active":false,"_monsterinsights_sitenote_note":"","_monsterinsights_sitenote_category":0,"footnotes":""},"class_list":["post-359","page","type-page","status-publish","hentry"],"yoast_head":"<!-- This site is optimized with the Yoast SEO plugin v24.9 - https:\/\/yoast.com\/wordpress\/plugins\/seo\/ -->\n<title>Unsere Mitarbeiter\/innen in Pampow\/Schwerin - Deutsch<\/title>\n<meta name=\"robots\" content=\"index, follow, max-snippet:-1, max-image-preview:large, max-video-preview:-1\" \/>\n<link rel=\"canonical\" href=\"https:\/\/www.kettentechnik.de\/de\/mitarbeiterliste-pampow\/\" \/>\n<meta property=\"og:locale\" content=\"de_DE\" \/>\n<meta property=\"og:type\" content=\"article\" \/>\n<meta property=\"og:title\" content=\"Unsere Mitarbeiter\/innen in Pampow\/Schwerin - Deutsch\" \/>\n<meta property=\"og:description\" content=\"Pampow \/ Schwerin Name \u00a0eMail-Adresse Abteilung \u00a0Telefon Wilfried G\u00f6\u00dfling w.goessling@kettentechnik.de Gesch\u00e4ftsf\u00fchrer 05203 &#8211; 9015020 Sebastian Klemm s.klemm@kettentechnik.de Prokurist \/ Betriebsleiter 03865 &#8211; 73 205 Andr\u00e9 Homann a.homann@kettentechnik.de Verkaufsleitung 03865 &#8211; 73 215 Lasse D\u00fcde l.duede@kettentechnik.de Verkauf 03865 &#8211; 73 116 &hellip; Weiterlesen &rarr;\" \/>\n<meta property=\"og:url\" content=\"https:\/\/www.kettentechnik.de\/de\/mitarbeiterliste-pampow\/\" \/>\n<meta property=\"og:site_name\" content=\"Deutsch\" \/>\n<meta property=\"article:publisher\" content=\"https:\/\/www.facebook.com\/pages\/KTS-Kettentechnik-GmbH\/411832932300884?fref=ts\" \/>\n<meta property=\"article:modified_time\" content=\"2026-04-10T08:53:54+00:00\" \/>\n<meta property=\"og:image\" content=\"https:\/\/www.kettentechnik.de\/de\/wp-content\/uploads\/sites\/2\/2015\/08\/KTS_logo_freigestellt.gif\" \/>\n\t<meta property=\"og:image:width\" content=\"785\" \/>\n\t<meta property=\"og:image:height\" content=\"368\" \/>\n\t<meta property=\"og:image:type\" content=\"image\/gif\" \/>\n<meta name=\"twitter:card\" content=\"summary_large_image\" \/>\n<meta name=\"twitter:site\" content=\"@Kettentechnik\" \/>\n<meta name=\"twitter:label1\" content=\"Gesch\u00e4tzte Lesezeit\" \/>\n\t<meta name=\"twitter:data1\" content=\"1\u00a0Minute\" \/>\n<script type=\"application\/ld+json\" class=\"yoast-schema-graph\">{\"@context\":\"https:\/\/schema.org\",\"@graph\":[{\"@type\":\"WebPage\",\"@id\":\"https:\/\/www.kettentechnik.de\/de\/mitarbeiterliste-pampow\/\",\"url\":\"https:\/\/www.kettentechnik.de\/de\/mitarbeiterliste-pampow\/\",\"name\":\"Unsere Mitarbeiter\/innen in Pampow\/Schwerin - Deutsch\",\"isPartOf\":{\"@id\":\"https:\/\/www.kettentechnik.de\/de\/#website\"},\"datePublished\":\"2011-08-15T11:03:02+00:00\",\"dateModified\":\"2026-04-10T08:53:54+00:00\",\"breadcrumb\":{\"@id\":\"https:\/\/www.kettentechnik.de\/de\/mitarbeiterliste-pampow\/#breadcrumb\"},\"inLanguage\":\"de\",\"potentialAction\":[{\"@type\":\"ReadAction\",\"target\":[\"https:\/\/www.kettentechnik.de\/de\/mitarbeiterliste-pampow\/\"]}]},{\"@type\":\"BreadcrumbList\",\"@id\":\"https:\/\/www.kettentechnik.de\/de\/mitarbeiterliste-pampow\/#breadcrumb\",\"itemListElement\":[{\"@type\":\"ListItem\",\"position\":1,\"name\":\"Home\",\"item\":\"https:\/\/www.kettentechnik.de\/de\/\"},{\"@type\":\"ListItem\",\"position\":2,\"name\":\"Unsere Mitarbeiter\/innen in Pampow\/Schwerin\"}]},{\"@type\":\"WebSite\",\"@id\":\"https:\/\/www.kettentechnik.de\/de\/#website\",\"url\":\"https:\/\/www.kettentechnik.de\/de\/\",\"name\":\"Deutsch\",\"description\":\"Rollenketten und Kettenr\u00e4der aus Vorrat\",\"publisher\":{\"@id\":\"https:\/\/www.kettentechnik.de\/de\/#organization\"},\"potentialAction\":[{\"@type\":\"SearchAction\",\"target\":{\"@type\":\"EntryPoint\",\"urlTemplate\":\"https:\/\/www.kettentechnik.de\/de\/?s={search_term_string}\"},\"query-input\":{\"@type\":\"PropertyValueSpecification\",\"valueRequired\":true,\"valueName\":\"search_term_string\"}}],\"inLanguage\":\"de\"},{\"@type\":\"Organization\",\"@id\":\"https:\/\/www.kettentechnik.de\/de\/#organization\",\"name\":\"KTS Kettentechnik GmbH\",\"url\":\"https:\/\/www.kettentechnik.de\/de\/\",\"logo\":{\"@type\":\"ImageObject\",\"inLanguage\":\"de\",\"@id\":\"https:\/\/www.kettentechnik.de\/de\/#\/schema\/logo\/image\/\",\"url\":\"http:\/\/www.kettentechnik.de\/de\/wp-content\/uploads\/sites\/2\/2015\/08\/KTS_logo_freigestellt.gif\",\"contentUrl\":\"http:\/\/www.kettentechnik.de\/de\/wp-content\/uploads\/sites\/2\/2015\/08\/KTS_logo_freigestellt.gif\",\"width\":785,\"height\":368,\"caption\":\"KTS Kettentechnik GmbH\"},\"image\":{\"@id\":\"https:\/\/www.kettentechnik.de\/de\/#\/schema\/logo\/image\/\"},\"sameAs\":[\"https:\/\/www.facebook.com\/pages\/KTS-Kettentechnik-GmbH\/411832932300884?fref=ts\",\"https:\/\/x.com\/Kettentechnik\",\"https:\/\/www.linkedin.com\/company\/6205865?trk=tyah&amp;amp;amp;trkInfo=clickedVertical:company,clickedEntityId:6205865,idx:2-1-2,tarId:1464766025858,tas:kts ket\"]}]}<\/script>\n<!-- \/ Yoast SEO plugin. -->","yoast_head_json":{"title":"Unsere Mitarbeiter\/innen in Pampow\/Schwerin - Deutsch","robots":{"index":"index","follow":"follow","max-snippet":"max-snippet:-1","max-image-preview":"max-image-preview:large","max-video-preview":"max-video-preview:-1"},"canonical":"https:\/\/www.kettentechnik.de\/de\/mitarbeiterliste-pampow\/","og_locale":"de_DE","og_type":"article","og_title":"Unsere Mitarbeiter\/innen in Pampow\/Schwerin - Deutsch","og_description":"Pampow \/ Schwerin Name \u00a0eMail-Adresse Abteilung \u00a0Telefon Wilfried G\u00f6\u00dfling w.goessling@kettentechnik.de Gesch\u00e4ftsf\u00fchrer 05203 &#8211; 9015020 Sebastian Klemm s.klemm@kettentechnik.de Prokurist \/ Betriebsleiter 03865 &#8211; 73 205 Andr\u00e9 Homann a.homann@kettentechnik.de Verkaufsleitung 03865 &#8211; 73 215 Lasse D\u00fcde l.duede@kettentechnik.de Verkauf 03865 &#8211; 73 116 &hellip; Weiterlesen &rarr;","og_url":"https:\/\/www.kettentechnik.de\/de\/mitarbeiterliste-pampow\/","og_site_name":"Deutsch","article_publisher":"https:\/\/www.facebook.com\/pages\/KTS-Kettentechnik-GmbH\/411832932300884?fref=ts","article_modified_time":"2026-04-10T08:53:54+00:00","og_image":[{"width":785,"height":368,"url":"https:\/\/www.kettentechnik.de\/de\/wp-content\/uploads\/sites\/2\/2015\/08\/KTS_logo_freigestellt.gif","type":"image\/gif"}],"twitter_card":"summary_large_image","twitter_site":"@Kettentechnik","twitter_misc":{"Gesch\u00e4tzte Lesezeit":"1\u00a0Minute"},"schema":{"@context":"https:\/\/schema.org","@graph":[{"@type":"WebPage","@id":"https:\/\/www.kettentechnik.de\/de\/mitarbeiterliste-pampow\/","url":"https:\/\/www.kettentechnik.de\/de\/mitarbeiterliste-pampow\/","name":"Unsere Mitarbeiter\/innen in Pampow\/Schwerin - Deutsch","isPartOf":{"@id":"https:\/\/www.kettentechnik.de\/de\/#website"},"datePublished":"2011-08-15T11:03:02+00:00","dateModified":"2026-04-10T08:53:54+00:00","breadcrumb":{"@id":"https:\/\/www.kettentechnik.de\/de\/mitarbeiterliste-pampow\/#breadcrumb"},"inLanguage":"de","potentialAction":[{"@type":"ReadAction","target":["https:\/\/www.kettentechnik.de\/de\/mitarbeiterliste-pampow\/"]}]},{"@type":"BreadcrumbList","@id":"https:\/\/www.kettentechnik.de\/de\/mitarbeiterliste-pampow\/#breadcrumb","itemListElement":[{"@type":"ListItem","position":1,"name":"Home","item":"https:\/\/www.kettentechnik.de\/de\/"},{"@type":"ListItem","position":2,"name":"Unsere Mitarbeiter\/innen in Pampow\/Schwerin"}]},{"@type":"WebSite","@id":"https:\/\/www.kettentechnik.de\/de\/#website","url":"https:\/\/www.kettentechnik.de\/de\/","name":"Deutsch","description":"Rollenketten und Kettenr\u00e4der aus Vorrat","publisher":{"@id":"https:\/\/www.kettentechnik.de\/de\/#organization"},"potentialAction":[{"@type":"SearchAction","target":{"@type":"EntryPoint","urlTemplate":"https:\/\/www.kettentechnik.de\/de\/?s={search_term_string}"},"query-input":{"@type":"PropertyValueSpecification","valueRequired":true,"valueName":"search_term_string"}}],"inLanguage":"de"},{"@type":"Organization","@id":"https:\/\/www.kettentechnik.de\/de\/#organization","name":"KTS Kettentechnik GmbH","url":"https:\/\/www.kettentechnik.de\/de\/","logo":{"@type":"ImageObject","inLanguage":"de","@id":"https:\/\/www.kettentechnik.de\/de\/#\/schema\/logo\/image\/","url":"http:\/\/www.kettentechnik.de\/de\/wp-content\/uploads\/sites\/2\/2015\/08\/KTS_logo_freigestellt.gif","contentUrl":"http:\/\/www.kettentechnik.de\/de\/wp-content\/uploads\/sites\/2\/2015\/08\/KTS_logo_freigestellt.gif","width":785,"height":368,"caption":"KTS Kettentechnik GmbH"},"image":{"@id":"https:\/\/www.kettentechnik.de\/de\/#\/schema\/logo\/image\/"},"sameAs":["https:\/\/www.facebook.com\/pages\/KTS-Kettentechnik-GmbH\/411832932300884?fref=ts","https:\/\/x.com\/Kettentechnik","https:\/\/www.linkedin.com\/company\/6205865?trk=tyah&amp;amp;amp;trkInfo=clickedVertical:company,clickedEntityId:6205865,idx:2-1-2,tarId:1464766025858,tas:kts ket"]}]}},"_links":{"self":[{"href":"https:\/\/www.kettentechnik.de\/de\/wp-json\/wp\/v2\/pages\/359","targetHints":{"allow":["GET"]}}],"collection":[{"href":"https:\/\/www.kettentechnik.de\/de\/wp-json\/wp\/v2\/pages"}],"about":[{"href":"https:\/\/www.kettentechnik.de\/de\/wp-json\/wp\/v2\/types\/page"}],"author":[{"embeddable":true,"href":"https:\/\/www.kettentechnik.de\/de\/wp-json\/wp\/v2\/users\/1"}],"replies":[{"embeddable":true,"href":"https:\/\/www.kettentechnik.de\/de\/wp-json\/wp\/v2\/comments?post=359"}],"version-history":[{"count":128,"href":"https:\/\/www.kettentechnik.de\/de\/wp-json\/wp\/v2\/pages\/359\/revisions"}],"predecessor-version":[{"id":11464,"href":"https:\/\/www.kettentechnik.de\/de\/wp-json\/wp\/v2\/pages\/359\/revisions\/11464"}],"wp:attachment":[{"href":"https:\/\/www.kettentechnik.de\/de\/wp-json\/wp\/v2\/media?parent=359"}],"curies":[{"name":"wp","href":"https:\/\/api.w.org\/{rel}","templated":true}]}}