{"id":26,"date":"2011-04-19T11:30:01","date_gmt":"2011-04-19T11:30:01","guid":{"rendered":"http:\/\/kettentechnik.de\/?page_id=10"},"modified":"2017-06-07T07:45:21","modified_gmt":"2017-06-07T05:45:21","slug":"standorte","status":"publish","type":"page","link":"https:\/\/www.kettentechnik.de\/de\/standorte\/","title":{"rendered":"Standorte"},"content":{"rendered":"<p>&nbsp;<\/p>\n<div style=\"height: 200px;\">\n<div class=\"alignleft\" style=\"width: 300px; overflow: hidden;\">\n<h1>Pampow<\/h1>\n<div class=\"product_image\"><a href=\"https:\/\/www.kettentechnik.de\/de\/wp-content\/uploads\/sites\/2\/2011\/04\/dsc00277.jpg\"><img loading=\"lazy\" decoding=\"async\" class=\"aligncenter wp-image-6875\" src=\"https:\/\/www.kettentechnik.de\/de\/wp-content\/uploads\/sites\/2\/2011\/04\/dsc00277-300x225.jpg\" alt=\"Standort Pampow\" width=\"223\" height=\"167\" srcset=\"https:\/\/www.kettentechnik.de\/de\/wp-content\/uploads\/sites\/2\/2011\/04\/dsc00277-300x225.jpg 300w, https:\/\/www.kettentechnik.de\/de\/wp-content\/uploads\/sites\/2\/2011\/04\/dsc00277-1024x768.jpg 1024w, https:\/\/www.kettentechnik.de\/de\/wp-content\/uploads\/sites\/2\/2011\/04\/dsc00277.jpg 1204w\" sizes=\"auto, (max-width: 223px) 100vw, 223px\" \/><\/a><\/div>\n<p>Ahornstra\u00dfe 14<\/p>\n<div class=\"alignleft\" style=\"font-size: 13px; line-height: 16px;\">D-19075 Pampow<br \/>\n<strong>Tel<\/strong>.: +49-3865-73100<br \/>\n<strong>Fax<\/strong>: +49-3865-73122<br \/>\n<a href=\"mailto:info@kettentechnik.de\">info@<br \/>\nkettentechnik.de<\/a><\/div>\n<\/div>\n<div class=\"alignleft\" style=\"width: 305px; overflow: hidden;\">\n<h1>Werther<\/h1>\n<div class=\"product_image\"><a href=\"https:\/\/www.kettentechnik.de\/de\/wp-content\/uploads\/sites\/2\/2011\/04\/werther11.jpg\"><img loading=\"lazy\" decoding=\"async\" class=\"aligncenter size-medium wp-image-6877\" src=\"https:\/\/www.kettentechnik.de\/de\/wp-content\/uploads\/sites\/2\/2011\/04\/werther11-300x166.jpg\" alt=\"Standort werther\" width=\"300\" height=\"166\" srcset=\"https:\/\/www.kettentechnik.de\/de\/wp-content\/uploads\/sites\/2\/2011\/04\/werther11-300x166.jpg 300w, https:\/\/www.kettentechnik.de\/de\/wp-content\/uploads\/sites\/2\/2011\/04\/werther11.jpg 896w\" sizes=\"auto, (max-width: 300px) 100vw, 300px\" \/><\/a><\/div>\n<p>Dammstra\u00dfe 40<\/p>\n<div class=\"alignleft\" style=\"width: 305px; overflow: hidden;\">D-33824 Werther<br \/>\n<strong>Tel<\/strong>.: +49-5203-901500<br \/>\n<strong>Fax<\/strong>: +49-5203-9015010<br \/>\n<a href=\"mailto:info-nrw@kettentechnik.de\">info-nrw@<br \/>\nkettentechnik.de<\/a><\/div>\n<div class=\"alignleft\" style=\"width: 305px; overflow: hidden;\"><\/div>\n<\/div>\n<\/div>\n<h2><span style=\"text-decoration: underline;\">Anfahrt<\/span><\/h2>\n<h3>So finden Sie (zu) uns:<\/h3>\n<ul>\n<li>\n<h5><a title=\"Anfahrt: Pampow\/Schwerin\" href=\"https:\/\/www.google.de\/maps\/place\/KTS+Kettentechnik+GmbH\/@53.568189,11.369257,17z\/data=!3m1!4b1!4m2!3m1!1s0x47add842ff7f1697:0xccb914d17f8d3919\" target=\"_blank\" rel=\"noopener noreferrer\">Anreise (maps) f\u00fcr Pampow\/Schwerin<\/a><\/h5>\n<\/li>\n<li>\n<h5><a title=\"Anfahrt: Werther\/Bielefeld\" href=\"https:\/\/www.google.de\/maps?q=kts+kettentechnik+werther&amp;oe=utf-8&amp;rls=org.mozilla:de:official&amp;client=firefox-a&amp;channel=sb&amp;gfe_rd=cr&amp;um=1&amp;ie=UTF-8&amp;sa=X&amp;ei=XBNqVK_NCMXxO-HKgLgM&amp;ved=0CAgQ_AUoAQ\" target=\"_blank\" rel=\"noopener noreferrer\">Anreise (maps) f\u00fcr Werther\/Bielefeld<\/a><\/h5>\n<h5><\/h5>\n<\/li>\n<\/ul>\n<h2><span style=\"text-decoration: underline;\">Mehr \u00fcber uns<\/span><\/h2>\n<p>Wir liefern seit nun mehr l\u00e4nger als 20 Jahre f\u00fcr die verschiedensten Bereiche des Maschinen- und Anlagenbaus die gesamte Palette der Stahlgelenkketten (Rollenketten nach DIN 8187\/8188, rostfreie Ketten, F\u00f6rderketten nach DIN 8165\/8167 oder nach Zeichnung, Flyerketten, Gallketten, Sonder- und Spezialketten, Ketten mit Mitnehmern und Anbauteilen etc.) sowie die dazu passenden Kettenr\u00e4der in allen Bauformen und -arten. In unserem 1200 m\u00b2 gro\u00dfen Hochregal-Lager in der Zentrale (<strong>Schwerin\/Pampow<\/strong>) halten wir alle Gr\u00f6\u00dfen f\u00fcr Sofortlieferungen in ausreichenden Mengen vorr\u00e4tig, die Standard-Ketten (Rollenketten, Hohlbolzenketten, F\u00f6rderketten, Buchsenketten, Gallketten, Flyerketten &#8230;) z.T. auch in rostfreier Ausf\u00fchrung, Kettenr\u00e4der mit nahezu jeder gew\u00fcnschten Z\u00e4hnezahl, dazu Taperlock-Elemente, Zahnstangen, Zahnr\u00e4der, Spannelemente, Geh\u00e4useeinheiten etc.<br \/>\nKompetente und engagierte Mitarbeiter in den Niederlassungen in<strong> Schwerin\/Pampow<\/strong> und <strong>Bielefeld\/Werther<\/strong> garantieren jederzeit Ansprechbarkeit und Service &#8222;vor Ort&#8220;.<\/p>\n<p>Sie sind herzlich eingeladen, sich direkt bei uns ein eigenes Bild zu machen, besuchen Sie uns!<\/p>\n","protected":false},"excerpt":{"rendered":"<p>&nbsp; Pampow Ahornstra\u00dfe 14 D-19075 Pampow Tel.: +49-3865-73100 Fax: +49-3865-73122 info@ kettentechnik.de Werther Dammstra\u00dfe 40 D-33824 Werther Tel.: +49-5203-901500 Fax: +49-5203-9015010 info-nrw@ kettentechnik.de Anfahrt So finden Sie (zu) uns: Anreise (maps) f\u00fcr Pampow\/Schwerin Anreise (maps) f\u00fcr Werther\/Bielefeld Mehr \u00fcber uns &hellip; <a href=\"https:\/\/www.kettentechnik.de\/de\/standorte\/\">Weiterlesen <span class=\"meta-nav\">&rarr;<\/span><\/a><\/p>\n","protected":false},"author":1,"featured_media":0,"parent":0,"menu_order":0,"comment_status":"open","ping_status":"open","template":"","meta":{"_monsterinsights_skip_tracking":false,"_monsterinsights_sitenote_active":false,"_monsterinsights_sitenote_note":"","_monsterinsights_sitenote_category":0,"footnotes":""},"class_list":["post-26","page","type-page","status-publish","hentry"],"yoast_head":"<!-- This site is optimized with the Yoast SEO plugin v24.9 - https:\/\/yoast.com\/wordpress\/plugins\/seo\/ -->\n<title>Standorte - Deutsch<\/title>\n<meta name=\"robots\" content=\"index, follow, max-snippet:-1, max-image-preview:large, max-video-preview:-1\" \/>\n<link rel=\"canonical\" href=\"https:\/\/www.kettentechnik.de\/de\/standorte\/\" \/>\n<meta property=\"og:locale\" content=\"de_DE\" \/>\n<meta property=\"og:type\" content=\"article\" \/>\n<meta property=\"og:title\" content=\"Standorte - Deutsch\" \/>\n<meta property=\"og:description\" content=\"&nbsp; Pampow Ahornstra\u00dfe 14 D-19075 Pampow Tel.: +49-3865-73100 Fax: +49-3865-73122 info@ kettentechnik.de Werther Dammstra\u00dfe 40 D-33824 Werther Tel.: +49-5203-901500 Fax: +49-5203-9015010 info-nrw@ kettentechnik.de Anfahrt So finden Sie (zu) uns: Anreise (maps) f\u00fcr Pampow\/Schwerin Anreise (maps) f\u00fcr Werther\/Bielefeld Mehr \u00fcber uns &hellip; Weiterlesen &rarr;\" \/>\n<meta property=\"og:url\" content=\"https:\/\/www.kettentechnik.de\/de\/standorte\/\" \/>\n<meta property=\"og:site_name\" content=\"Deutsch\" \/>\n<meta property=\"article:publisher\" content=\"https:\/\/www.facebook.com\/pages\/KTS-Kettentechnik-GmbH\/411832932300884?fref=ts\" \/>\n<meta property=\"article:modified_time\" content=\"2017-06-07T05:45:21+00:00\" \/>\n<meta property=\"og:image\" content=\"http:\/\/www.kettentechnik.de\/de\/wp-content\/uploads\/sites\/2\/2011\/04\/dsc00277-300x225.jpg\" \/>\n<meta name=\"twitter:card\" content=\"summary_large_image\" \/>\n<meta name=\"twitter:site\" content=\"@Kettentechnik\" \/>\n<meta name=\"twitter:label1\" content=\"Gesch\u00e4tzte Lesezeit\" \/>\n\t<meta name=\"twitter:data1\" content=\"1\u00a0Minute\" \/>\n<script type=\"application\/ld+json\" class=\"yoast-schema-graph\">{\"@context\":\"https:\/\/schema.org\",\"@graph\":[{\"@type\":\"WebPage\",\"@id\":\"https:\/\/www.kettentechnik.de\/de\/standorte\/\",\"url\":\"https:\/\/www.kettentechnik.de\/de\/standorte\/\",\"name\":\"Standorte - Deutsch\",\"isPartOf\":{\"@id\":\"https:\/\/www.kettentechnik.de\/de\/#website\"},\"primaryImageOfPage\":{\"@id\":\"https:\/\/www.kettentechnik.de\/de\/standorte\/#primaryimage\"},\"image\":{\"@id\":\"https:\/\/www.kettentechnik.de\/de\/standorte\/#primaryimage\"},\"thumbnailUrl\":\"http:\/\/www.kettentechnik.de\/de\/wp-content\/uploads\/sites\/2\/2011\/04\/dsc00277-300x225.jpg\",\"datePublished\":\"2011-04-19T11:30:01+00:00\",\"dateModified\":\"2017-06-07T05:45:21+00:00\",\"breadcrumb\":{\"@id\":\"https:\/\/www.kettentechnik.de\/de\/standorte\/#breadcrumb\"},\"inLanguage\":\"de\",\"potentialAction\":[{\"@type\":\"ReadAction\",\"target\":[\"https:\/\/www.kettentechnik.de\/de\/standorte\/\"]}]},{\"@type\":\"ImageObject\",\"inLanguage\":\"de\",\"@id\":\"https:\/\/www.kettentechnik.de\/de\/standorte\/#primaryimage\",\"url\":\"http:\/\/www.kettentechnik.de\/de\/wp-content\/uploads\/sites\/2\/2011\/04\/dsc00277-300x225.jpg\",\"contentUrl\":\"http:\/\/www.kettentechnik.de\/de\/wp-content\/uploads\/sites\/2\/2011\/04\/dsc00277-300x225.jpg\"},{\"@type\":\"BreadcrumbList\",\"@id\":\"https:\/\/www.kettentechnik.de\/de\/standorte\/#breadcrumb\",\"itemListElement\":[{\"@type\":\"ListItem\",\"position\":1,\"name\":\"Home\",\"item\":\"https:\/\/www.kettentechnik.de\/de\/\"},{\"@type\":\"ListItem\",\"position\":2,\"name\":\"Standorte\"}]},{\"@type\":\"WebSite\",\"@id\":\"https:\/\/www.kettentechnik.de\/de\/#website\",\"url\":\"https:\/\/www.kettentechnik.de\/de\/\",\"name\":\"Deutsch\",\"description\":\"Rollenketten und Kettenr\u00e4der aus Vorrat\",\"publisher\":{\"@id\":\"https:\/\/www.kettentechnik.de\/de\/#organization\"},\"potentialAction\":[{\"@type\":\"SearchAction\",\"target\":{\"@type\":\"EntryPoint\",\"urlTemplate\":\"https:\/\/www.kettentechnik.de\/de\/?s={search_term_string}\"},\"query-input\":{\"@type\":\"PropertyValueSpecification\",\"valueRequired\":true,\"valueName\":\"search_term_string\"}}],\"inLanguage\":\"de\"},{\"@type\":\"Organization\",\"@id\":\"https:\/\/www.kettentechnik.de\/de\/#organization\",\"name\":\"KTS Kettentechnik GmbH\",\"url\":\"https:\/\/www.kettentechnik.de\/de\/\",\"logo\":{\"@type\":\"ImageObject\",\"inLanguage\":\"de\",\"@id\":\"https:\/\/www.kettentechnik.de\/de\/#\/schema\/logo\/image\/\",\"url\":\"http:\/\/www.kettentechnik.de\/de\/wp-content\/uploads\/sites\/2\/2015\/08\/KTS_logo_freigestellt.gif\",\"contentUrl\":\"http:\/\/www.kettentechnik.de\/de\/wp-content\/uploads\/sites\/2\/2015\/08\/KTS_logo_freigestellt.gif\",\"width\":785,\"height\":368,\"caption\":\"KTS Kettentechnik GmbH\"},\"image\":{\"@id\":\"https:\/\/www.kettentechnik.de\/de\/#\/schema\/logo\/image\/\"},\"sameAs\":[\"https:\/\/www.facebook.com\/pages\/KTS-Kettentechnik-GmbH\/411832932300884?fref=ts\",\"https:\/\/x.com\/Kettentechnik\",\"https:\/\/www.linkedin.com\/company\/6205865?trk=tyah&amp;amp;amp;trkInfo=clickedVertical:company,clickedEntityId:6205865,idx:2-1-2,tarId:1464766025858,tas:kts ket\"]}]}<\/script>\n<!-- \/ Yoast SEO plugin. -->","yoast_head_json":{"title":"Standorte - Deutsch","robots":{"index":"index","follow":"follow","max-snippet":"max-snippet:-1","max-image-preview":"max-image-preview:large","max-video-preview":"max-video-preview:-1"},"canonical":"https:\/\/www.kettentechnik.de\/de\/standorte\/","og_locale":"de_DE","og_type":"article","og_title":"Standorte - Deutsch","og_description":"&nbsp; Pampow Ahornstra\u00dfe 14 D-19075 Pampow Tel.: +49-3865-73100 Fax: +49-3865-73122 info@ kettentechnik.de Werther Dammstra\u00dfe 40 D-33824 Werther Tel.: +49-5203-901500 Fax: +49-5203-9015010 info-nrw@ kettentechnik.de Anfahrt So finden Sie (zu) uns: Anreise (maps) f\u00fcr Pampow\/Schwerin Anreise (maps) f\u00fcr Werther\/Bielefeld Mehr \u00fcber uns &hellip; Weiterlesen &rarr;","og_url":"https:\/\/www.kettentechnik.de\/de\/standorte\/","og_site_name":"Deutsch","article_publisher":"https:\/\/www.facebook.com\/pages\/KTS-Kettentechnik-GmbH\/411832932300884?fref=ts","article_modified_time":"2017-06-07T05:45:21+00:00","og_image":[{"url":"http:\/\/www.kettentechnik.de\/de\/wp-content\/uploads\/sites\/2\/2011\/04\/dsc00277-300x225.jpg","type":"","width":"","height":""}],"twitter_card":"summary_large_image","twitter_site":"@Kettentechnik","twitter_misc":{"Gesch\u00e4tzte Lesezeit":"1\u00a0Minute"},"schema":{"@context":"https:\/\/schema.org","@graph":[{"@type":"WebPage","@id":"https:\/\/www.kettentechnik.de\/de\/standorte\/","url":"https:\/\/www.kettentechnik.de\/de\/standorte\/","name":"Standorte - Deutsch","isPartOf":{"@id":"https:\/\/www.kettentechnik.de\/de\/#website"},"primaryImageOfPage":{"@id":"https:\/\/www.kettentechnik.de\/de\/standorte\/#primaryimage"},"image":{"@id":"https:\/\/www.kettentechnik.de\/de\/standorte\/#primaryimage"},"thumbnailUrl":"http:\/\/www.kettentechnik.de\/de\/wp-content\/uploads\/sites\/2\/2011\/04\/dsc00277-300x225.jpg","datePublished":"2011-04-19T11:30:01+00:00","dateModified":"2017-06-07T05:45:21+00:00","breadcrumb":{"@id":"https:\/\/www.kettentechnik.de\/de\/standorte\/#breadcrumb"},"inLanguage":"de","potentialAction":[{"@type":"ReadAction","target":["https:\/\/www.kettentechnik.de\/de\/standorte\/"]}]},{"@type":"ImageObject","inLanguage":"de","@id":"https:\/\/www.kettentechnik.de\/de\/standorte\/#primaryimage","url":"http:\/\/www.kettentechnik.de\/de\/wp-content\/uploads\/sites\/2\/2011\/04\/dsc00277-300x225.jpg","contentUrl":"http:\/\/www.kettentechnik.de\/de\/wp-content\/uploads\/sites\/2\/2011\/04\/dsc00277-300x225.jpg"},{"@type":"BreadcrumbList","@id":"https:\/\/www.kettentechnik.de\/de\/standorte\/#breadcrumb","itemListElement":[{"@type":"ListItem","position":1,"name":"Home","item":"https:\/\/www.kettentechnik.de\/de\/"},{"@type":"ListItem","position":2,"name":"Standorte"}]},{"@type":"WebSite","@id":"https:\/\/www.kettentechnik.de\/de\/#website","url":"https:\/\/www.kettentechnik.de\/de\/","name":"Deutsch","description":"Rollenketten und Kettenr\u00e4der aus Vorrat","publisher":{"@id":"https:\/\/www.kettentechnik.de\/de\/#organization"},"potentialAction":[{"@type":"SearchAction","target":{"@type":"EntryPoint","urlTemplate":"https:\/\/www.kettentechnik.de\/de\/?s={search_term_string}"},"query-input":{"@type":"PropertyValueSpecification","valueRequired":true,"valueName":"search_term_string"}}],"inLanguage":"de"},{"@type":"Organization","@id":"https:\/\/www.kettentechnik.de\/de\/#organization","name":"KTS Kettentechnik GmbH","url":"https:\/\/www.kettentechnik.de\/de\/","logo":{"@type":"ImageObject","inLanguage":"de","@id":"https:\/\/www.kettentechnik.de\/de\/#\/schema\/logo\/image\/","url":"http:\/\/www.kettentechnik.de\/de\/wp-content\/uploads\/sites\/2\/2015\/08\/KTS_logo_freigestellt.gif","contentUrl":"http:\/\/www.kettentechnik.de\/de\/wp-content\/uploads\/sites\/2\/2015\/08\/KTS_logo_freigestellt.gif","width":785,"height":368,"caption":"KTS Kettentechnik GmbH"},"image":{"@id":"https:\/\/www.kettentechnik.de\/de\/#\/schema\/logo\/image\/"},"sameAs":["https:\/\/www.facebook.com\/pages\/KTS-Kettentechnik-GmbH\/411832932300884?fref=ts","https:\/\/x.com\/Kettentechnik","https:\/\/www.linkedin.com\/company\/6205865?trk=tyah&amp;amp;amp;trkInfo=clickedVertical:company,clickedEntityId:6205865,idx:2-1-2,tarId:1464766025858,tas:kts ket"]}]}},"_links":{"self":[{"href":"https:\/\/www.kettentechnik.de\/de\/wp-json\/wp\/v2\/pages\/26","targetHints":{"allow":["GET"]}}],"collection":[{"href":"https:\/\/www.kettentechnik.de\/de\/wp-json\/wp\/v2\/pages"}],"about":[{"href":"https:\/\/www.kettentechnik.de\/de\/wp-json\/wp\/v2\/types\/page"}],"author":[{"embeddable":true,"href":"https:\/\/www.kettentechnik.de\/de\/wp-json\/wp\/v2\/users\/1"}],"replies":[{"embeddable":true,"href":"https:\/\/www.kettentechnik.de\/de\/wp-json\/wp\/v2\/comments?post=26"}],"version-history":[{"count":8,"href":"https:\/\/www.kettentechnik.de\/de\/wp-json\/wp\/v2\/pages\/26\/revisions"}],"predecessor-version":[{"id":8831,"href":"https:\/\/www.kettentechnik.de\/de\/wp-json\/wp\/v2\/pages\/26\/revisions\/8831"}],"wp:attachment":[{"href":"https:\/\/www.kettentechnik.de\/de\/wp-json\/wp\/v2\/media?parent=26"}],"curies":[{"name":"wp","href":"https:\/\/api.w.org\/{rel}","templated":true}]}}