{"id":168,"date":"2011-07-29T13:21:33","date_gmt":"2011-07-29T11:21:33","guid":{"rendered":"http:\/\/kettentechnik.de\/?page_id=168"},"modified":"2014-09-09T14:37:17","modified_gmt":"2014-09-09T12:37:17","slug":"style-guide","status":"publish","type":"page","link":"https:\/\/www.kettentechnik.de\/de\/style-guide\/","title":{"rendered":"Style Guide"},"content":{"rendered":"<p><a href=\"http:\/\/kettentechnik.de\/wp-content\/uploads\/2011\/07\/KTS_Slides.pdf\">KTS_Slides<\/a><\/p>\n<h3>Gallery<\/h3>\n<div class='galleria-gallery' ><div id=\"gallery-1\" class=\"gallery galleryid-1 default columns_3 gallery-columns-3  gallery-size-thumbnail \">\n<dl class=\"gallery-item gallery-startcol\">\n\t<dt class=\"gallery-icon\"><a href=\"https:\/\/www.kettentechnik.de\/de\/wp-content\/uploads\/sites\/2\/2011\/07\/KTS_Slides.pdf\" title=\"KTS_Slides\">\t\t\t<img loading=\"lazy\" decoding=\"async\" src=\"https:\/\/www.kettentechnik.de\/de\/wp-includes\/images\/media\/document.png\" width=\"46\" height=\"60\" title=\"KTS_Slides\" class=\"attachment-thumbnail\" alt=\"KTS_Slides\" \/><\/a>\t<\/dt>\n\t<\/dl>\n<dl class=\"gallery-item\">\n\t<dt class=\"gallery-icon\"><a href=\"https:\/\/www.kettentechnik.de\/de\/wp-content\/uploads\/sites\/2\/2011\/07\/flyerkette6x6_620.jpg\" title=\"flyerkette6x6_620\">\t\t\t<img loading=\"lazy\" decoding=\"async\" src=\"https:\/\/www.kettentechnik.de\/de\/wp-content\/uploads\/sites\/2\/2011\/07\/flyerkette6x6_620-150x114.jpg\" width=\"150\" height=\"114\" title=\"flyerkette6x6_620\" class=\"attachment-thumbnail\" alt=\"flyerkette6x6_620\" \/><\/a>\t<\/dt>\n\t<\/dl>\n<dl class=\"gallery-item gallery-endcol\">\n\t<dt class=\"gallery-icon\"><a href=\"https:\/\/www.kettentechnik.de\/de\/wp-content\/uploads\/sites\/2\/2011\/07\/kasse2-1024x756.png\" title=\"kasse2-1024x756\">\t\t\t<img loading=\"lazy\" decoding=\"async\" src=\"https:\/\/www.kettentechnik.de\/de\/wp-content\/uploads\/sites\/2\/2011\/07\/kasse2-1024x756-150x150.png\" width=\"150\" height=\"150\" title=\"kasse2-1024x756\" class=\"attachment-thumbnail\" alt=\"kasse2-1024x756\" \/><\/a>\t<\/dt>\n\t<\/dl>\n\n<br class='clear' \/>\n<dl class=\"gallery-item gallery-startcol\">\n\t<dt class=\"gallery-icon\"><a href=\"https:\/\/www.kettentechnik.de\/de\/wp-content\/uploads\/sites\/2\/2011\/07\/flyerketteanlbs54_620.jpg\" title=\"flyerketteanlbs54_620\">\t\t\t<img loading=\"lazy\" decoding=\"async\" src=\"https:\/\/www.kettentechnik.de\/de\/wp-content\/uploads\/sites\/2\/2011\/07\/flyerketteanlbs54_620-150x150.jpg\" width=\"150\" height=\"150\" title=\"flyerketteanlbs54_620\" class=\"attachment-thumbnail\" alt=\"flyerketteanlbs54_620\" \/><\/a>\t<\/dt>\n\t<\/dl>\n\n\n<\/div><\/div><!-- end .galleria-gallery -->\n<h1>Eine H1 \u00dcberschrift<\/h1>\n<p>Diese \u00dcberschrift sollte pro Seite maximal einmal verwendet werden. Sie ist das h\u00f6chste Element.<\/p>\n<h2>Eine H2 \u00dcberschrift<\/h2>\n<p>F\u00fcr Unter\u00fcberschriften eignet sich die &#8222;h2&#8220;. Sie kann \u00f6fters verwendet werden um Inhalte sinnvoll zu gliedern.<\/p>\n<h3>Eine H3 Untergliederung<\/h3>\n<p>Gibt es tiefere Ebenen im Dokument kann die h3 und auch die h4 benutzt werden. Folgend ein Beispiel f\u00fcr h4<\/p>\n<h4>Das ist eine H4 Untergliederung<\/h4>\n<p>Die H4 ist die tiefste Ebene der Untergliederungsstruktur<\/p>\n<h2>Listen<\/h2>\n<p>Hier ein beispiel f\u00fcr unterschiedlich formatierte Listen:<\/p>\n<h3>Die unnumerierte Liste<\/h3>\n<ul>\n<li>Punkt1<\/li>\n<li>Punkt2<\/li>\n<ul>\n<li>Punkt 2.1<\/li>\n<ul>\n<li>Punkt 2.1.1<\/li>\n<li>Punkt 2.1.2<\/li>\n<\/ul>\n<li>Punkt 2.2<\/li>\n<\/ul>\n<li>Punkt 3<\/li>\n<\/ul>\n<h3>Die numerierte Liste<\/h3>\n<ol>\n<li>Punkt1<\/li>\n<li>Punkt2<\/li>\n<ol>\n<li>Punkt 2.1<\/li>\n<ol>\n<li>Punkt 2.1.1<\/li>\n<li>Punkt 2.1.2<\/li>\n<\/ol>\n<li>Punkt 2.2<\/li>\n<\/ol>\n<li>Punkt 3<\/li>\n<\/ol>\n<h3><\/h3>\n<h3>Bilder<\/h3>\n<p>Hier ein Beispiel f\u00fcr die Einbettung von Bildern. Diese k\u00f6nnen sowohl links oder auch rechts in den Text eingebettet werden.<\/p>\n<h4>linksausgerichtet<\/h4>\n<div class=\"product_image\"><a href=\"http:\/\/kettentechnik.de\/wp-content\/uploads\/2011\/05\/k374table25.jpg\"><img loading=\"lazy\" decoding=\"async\" class=\"size-full wp-image-89 alignleft\" title=\"k374table25\" src=\"http:\/\/kettentechnik.de\/wp-content\/uploads\/2011\/05\/k374table25.jpg\" alt=\"\" width=\"146\" height=\"87\" \/><\/a><\/div>\n<p>Man sieht ein linksausgerichtetes Bild.\u00a0Man kann neben diesen Bildern schreiben und der Text sollte Bilder umfliessen.<\/p>\n<p>Neben linksausgerichteten Bildern gibt es ebenfalls rechts ausgerichtete Bilder, wie im n\u00e4chsten Abschnitt zu sehen<\/p>\n<h4><\/h4>\n<h4>rechtsausgerichtet<\/h4>\n<div class=\"product_image\"><a href=\"http:\/\/kettentechnik.de\/wp-content\/uploads\/2011\/05\/k374table25.jpg\"><img loading=\"lazy\" decoding=\"async\" class=\"alignright\" title=\"k374table25\" src=\"http:\/\/kettentechnik.de\/wp-content\/uploads\/2011\/05\/k374table25.jpg\" alt=\"\" width=\"146\" height=\"87\" \/><\/a><\/div>\n<p>Man sieht ein rechtsausgerichtetes Bild.\u00a0Man kann neben diesen Bildern schreiben und der Text sollte Bilder umfliessen.<\/p>\n<p>Neben rechtsausgerichteten Bildern gibt es ebenfalls links ausgerichtete Bilder, wie im vorherigen Abschnitt zu sehen ist.<\/p>\n<h3>Buttons<\/h3>\n<p>Es sind Buttons unterschiedlicher L\u00e4nge zur Auswahl. Gesetzt werden sie durch unterschiedliche Klassen:<\/p>\n<h4>.button_small<\/h4>\n<div class=\"button_small\"><a href=\"#\">Kurz<\/a><\/div>\n<h4>.button_medium<\/h4>\n<div class=\"button\"><a href=\"#\">Mittel<\/a><\/div>\n<h4>.button_large<\/h4>\n<div class=\"button_large\"><a href=\"#\">Lang<\/a><\/div>\n","protected":false},"excerpt":{"rendered":"<p>KTS_Slides Gallery Eine H1 \u00dcberschrift Diese \u00dcberschrift sollte pro Seite maximal einmal verwendet werden. Sie ist das h\u00f6chste Element. Eine H2 \u00dcberschrift F\u00fcr Unter\u00fcberschriften eignet sich die &#8222;h2&#8220;. Sie kann \u00f6fters verwendet werden um Inhalte sinnvoll zu gliedern. Eine H3 &hellip; <a href=\"https:\/\/www.kettentechnik.de\/de\/style-guide\/\">Weiterlesen <span class=\"meta-nav\">&rarr;<\/span><\/a><\/p>\n","protected":false},"author":1,"featured_media":0,"parent":0,"menu_order":0,"comment_status":"closed","ping_status":"open","template":"","meta":{"_monsterinsights_skip_tracking":false,"_monsterinsights_sitenote_active":false,"_monsterinsights_sitenote_note":"","_monsterinsights_sitenote_category":0,"footnotes":""},"class_list":["post-168","page","type-page","status-publish","hentry"],"yoast_head":"<!-- This site is optimized with the Yoast SEO plugin v24.9 - https:\/\/yoast.com\/wordpress\/plugins\/seo\/ -->\n<title>Style Guide - Deutsch<\/title>\n<meta name=\"robots\" content=\"index, follow, max-snippet:-1, max-image-preview:large, max-video-preview:-1\" \/>\n<link rel=\"canonical\" href=\"https:\/\/www.kettentechnik.de\/de\/style-guide\/\" \/>\n<meta property=\"og:locale\" content=\"de_DE\" \/>\n<meta property=\"og:type\" content=\"article\" \/>\n<meta property=\"og:title\" content=\"Style Guide - Deutsch\" \/>\n<meta property=\"og:description\" content=\"KTS_Slides Gallery Eine H1 \u00dcberschrift Diese \u00dcberschrift sollte pro Seite maximal einmal verwendet werden. Sie ist das h\u00f6chste Element. Eine H2 \u00dcberschrift F\u00fcr Unter\u00fcberschriften eignet sich die &#8222;h2&#8220;. Sie kann \u00f6fters verwendet werden um Inhalte sinnvoll zu gliedern. Eine H3 &hellip; Weiterlesen &rarr;\" \/>\n<meta property=\"og:url\" content=\"https:\/\/www.kettentechnik.de\/de\/style-guide\/\" \/>\n<meta property=\"og:site_name\" content=\"Deutsch\" \/>\n<meta property=\"article:publisher\" content=\"https:\/\/www.facebook.com\/pages\/KTS-Kettentechnik-GmbH\/411832932300884?fref=ts\" \/>\n<meta property=\"article:modified_time\" content=\"2014-09-09T12:37:17+00:00\" \/>\n<meta property=\"og:image\" content=\"https:\/\/www.kettentechnik.de\/de\/wp-includes\/images\/media\/document.png\" \/>\n<meta name=\"twitter:card\" content=\"summary_large_image\" \/>\n<meta name=\"twitter:site\" content=\"@Kettentechnik\" \/>\n<meta name=\"twitter:label1\" content=\"Gesch\u00e4tzte Lesezeit\" \/>\n\t<meta name=\"twitter:data1\" content=\"1\u00a0Minute\" \/>\n<script type=\"application\/ld+json\" class=\"yoast-schema-graph\">{\"@context\":\"https:\/\/schema.org\",\"@graph\":[{\"@type\":\"WebPage\",\"@id\":\"https:\/\/www.kettentechnik.de\/de\/style-guide\/\",\"url\":\"https:\/\/www.kettentechnik.de\/de\/style-guide\/\",\"name\":\"Style Guide - Deutsch\",\"isPartOf\":{\"@id\":\"https:\/\/www.kettentechnik.de\/de\/#website\"},\"primaryImageOfPage\":{\"@id\":\"https:\/\/www.kettentechnik.de\/de\/style-guide\/#primaryimage\"},\"image\":{\"@id\":\"https:\/\/www.kettentechnik.de\/de\/style-guide\/#primaryimage\"},\"thumbnailUrl\":\"http:\/\/kettentechnik.de\/wp-content\/uploads\/2011\/05\/k374table25.jpg\",\"datePublished\":\"2011-07-29T11:21:33+00:00\",\"dateModified\":\"2014-09-09T12:37:17+00:00\",\"breadcrumb\":{\"@id\":\"https:\/\/www.kettentechnik.de\/de\/style-guide\/#breadcrumb\"},\"inLanguage\":\"de\",\"potentialAction\":[{\"@type\":\"ReadAction\",\"target\":[\"https:\/\/www.kettentechnik.de\/de\/style-guide\/\"]}]},{\"@type\":\"ImageObject\",\"inLanguage\":\"de\",\"@id\":\"https:\/\/www.kettentechnik.de\/de\/style-guide\/#primaryimage\",\"url\":\"http:\/\/kettentechnik.de\/wp-content\/uploads\/2011\/05\/k374table25.jpg\",\"contentUrl\":\"http:\/\/kettentechnik.de\/wp-content\/uploads\/2011\/05\/k374table25.jpg\"},{\"@type\":\"BreadcrumbList\",\"@id\":\"https:\/\/www.kettentechnik.de\/de\/style-guide\/#breadcrumb\",\"itemListElement\":[{\"@type\":\"ListItem\",\"position\":1,\"name\":\"Home\",\"item\":\"https:\/\/www.kettentechnik.de\/de\/\"},{\"@type\":\"ListItem\",\"position\":2,\"name\":\"Style Guide\"}]},{\"@type\":\"WebSite\",\"@id\":\"https:\/\/www.kettentechnik.de\/de\/#website\",\"url\":\"https:\/\/www.kettentechnik.de\/de\/\",\"name\":\"Deutsch\",\"description\":\"Rollenketten und Kettenr\u00e4der aus Vorrat\",\"publisher\":{\"@id\":\"https:\/\/www.kettentechnik.de\/de\/#organization\"},\"potentialAction\":[{\"@type\":\"SearchAction\",\"target\":{\"@type\":\"EntryPoint\",\"urlTemplate\":\"https:\/\/www.kettentechnik.de\/de\/?s={search_term_string}\"},\"query-input\":{\"@type\":\"PropertyValueSpecification\",\"valueRequired\":true,\"valueName\":\"search_term_string\"}}],\"inLanguage\":\"de\"},{\"@type\":\"Organization\",\"@id\":\"https:\/\/www.kettentechnik.de\/de\/#organization\",\"name\":\"KTS Kettentechnik GmbH\",\"url\":\"https:\/\/www.kettentechnik.de\/de\/\",\"logo\":{\"@type\":\"ImageObject\",\"inLanguage\":\"de\",\"@id\":\"https:\/\/www.kettentechnik.de\/de\/#\/schema\/logo\/image\/\",\"url\":\"http:\/\/www.kettentechnik.de\/de\/wp-content\/uploads\/sites\/2\/2015\/08\/KTS_logo_freigestellt.gif\",\"contentUrl\":\"http:\/\/www.kettentechnik.de\/de\/wp-content\/uploads\/sites\/2\/2015\/08\/KTS_logo_freigestellt.gif\",\"width\":785,\"height\":368,\"caption\":\"KTS Kettentechnik GmbH\"},\"image\":{\"@id\":\"https:\/\/www.kettentechnik.de\/de\/#\/schema\/logo\/image\/\"},\"sameAs\":[\"https:\/\/www.facebook.com\/pages\/KTS-Kettentechnik-GmbH\/411832932300884?fref=ts\",\"https:\/\/x.com\/Kettentechnik\",\"https:\/\/www.linkedin.com\/company\/6205865?trk=tyah&amp;amp;amp;trkInfo=clickedVertical:company,clickedEntityId:6205865,idx:2-1-2,tarId:1464766025858,tas:kts ket\"]}]}<\/script>\n<!-- \/ Yoast SEO plugin. -->","yoast_head_json":{"title":"Style Guide - Deutsch","robots":{"index":"index","follow":"follow","max-snippet":"max-snippet:-1","max-image-preview":"max-image-preview:large","max-video-preview":"max-video-preview:-1"},"canonical":"https:\/\/www.kettentechnik.de\/de\/style-guide\/","og_locale":"de_DE","og_type":"article","og_title":"Style Guide - Deutsch","og_description":"KTS_Slides Gallery Eine H1 \u00dcberschrift Diese \u00dcberschrift sollte pro Seite maximal einmal verwendet werden. Sie ist das h\u00f6chste Element. Eine H2 \u00dcberschrift F\u00fcr Unter\u00fcberschriften eignet sich die &#8222;h2&#8220;. Sie kann \u00f6fters verwendet werden um Inhalte sinnvoll zu gliedern. Eine H3 &hellip; Weiterlesen &rarr;","og_url":"https:\/\/www.kettentechnik.de\/de\/style-guide\/","og_site_name":"Deutsch","article_publisher":"https:\/\/www.facebook.com\/pages\/KTS-Kettentechnik-GmbH\/411832932300884?fref=ts","article_modified_time":"2014-09-09T12:37:17+00:00","og_image":[{"url":"https:\/\/www.kettentechnik.de\/de\/wp-includes\/images\/media\/document.png","type":"","width":"","height":""}],"twitter_card":"summary_large_image","twitter_site":"@Kettentechnik","twitter_misc":{"Gesch\u00e4tzte Lesezeit":"1\u00a0Minute"},"schema":{"@context":"https:\/\/schema.org","@graph":[{"@type":"WebPage","@id":"https:\/\/www.kettentechnik.de\/de\/style-guide\/","url":"https:\/\/www.kettentechnik.de\/de\/style-guide\/","name":"Style Guide - Deutsch","isPartOf":{"@id":"https:\/\/www.kettentechnik.de\/de\/#website"},"primaryImageOfPage":{"@id":"https:\/\/www.kettentechnik.de\/de\/style-guide\/#primaryimage"},"image":{"@id":"https:\/\/www.kettentechnik.de\/de\/style-guide\/#primaryimage"},"thumbnailUrl":"http:\/\/kettentechnik.de\/wp-content\/uploads\/2011\/05\/k374table25.jpg","datePublished":"2011-07-29T11:21:33+00:00","dateModified":"2014-09-09T12:37:17+00:00","breadcrumb":{"@id":"https:\/\/www.kettentechnik.de\/de\/style-guide\/#breadcrumb"},"inLanguage":"de","potentialAction":[{"@type":"ReadAction","target":["https:\/\/www.kettentechnik.de\/de\/style-guide\/"]}]},{"@type":"ImageObject","inLanguage":"de","@id":"https:\/\/www.kettentechnik.de\/de\/style-guide\/#primaryimage","url":"http:\/\/kettentechnik.de\/wp-content\/uploads\/2011\/05\/k374table25.jpg","contentUrl":"http:\/\/kettentechnik.de\/wp-content\/uploads\/2011\/05\/k374table25.jpg"},{"@type":"BreadcrumbList","@id":"https:\/\/www.kettentechnik.de\/de\/style-guide\/#breadcrumb","itemListElement":[{"@type":"ListItem","position":1,"name":"Home","item":"https:\/\/www.kettentechnik.de\/de\/"},{"@type":"ListItem","position":2,"name":"Style Guide"}]},{"@type":"WebSite","@id":"https:\/\/www.kettentechnik.de\/de\/#website","url":"https:\/\/www.kettentechnik.de\/de\/","name":"Deutsch","description":"Rollenketten und Kettenr\u00e4der aus Vorrat","publisher":{"@id":"https:\/\/www.kettentechnik.de\/de\/#organization"},"potentialAction":[{"@type":"SearchAction","target":{"@type":"EntryPoint","urlTemplate":"https:\/\/www.kettentechnik.de\/de\/?s={search_term_string}"},"query-input":{"@type":"PropertyValueSpecification","valueRequired":true,"valueName":"search_term_string"}}],"inLanguage":"de"},{"@type":"Organization","@id":"https:\/\/www.kettentechnik.de\/de\/#organization","name":"KTS Kettentechnik GmbH","url":"https:\/\/www.kettentechnik.de\/de\/","logo":{"@type":"ImageObject","inLanguage":"de","@id":"https:\/\/www.kettentechnik.de\/de\/#\/schema\/logo\/image\/","url":"http:\/\/www.kettentechnik.de\/de\/wp-content\/uploads\/sites\/2\/2015\/08\/KTS_logo_freigestellt.gif","contentUrl":"http:\/\/www.kettentechnik.de\/de\/wp-content\/uploads\/sites\/2\/2015\/08\/KTS_logo_freigestellt.gif","width":785,"height":368,"caption":"KTS Kettentechnik GmbH"},"image":{"@id":"https:\/\/www.kettentechnik.de\/de\/#\/schema\/logo\/image\/"},"sameAs":["https:\/\/www.facebook.com\/pages\/KTS-Kettentechnik-GmbH\/411832932300884?fref=ts","https:\/\/x.com\/Kettentechnik","https:\/\/www.linkedin.com\/company\/6205865?trk=tyah&amp;amp;amp;trkInfo=clickedVertical:company,clickedEntityId:6205865,idx:2-1-2,tarId:1464766025858,tas:kts ket"]}]}},"_links":{"self":[{"href":"https:\/\/www.kettentechnik.de\/de\/wp-json\/wp\/v2\/pages\/168","targetHints":{"allow":["GET"]}}],"collection":[{"href":"https:\/\/www.kettentechnik.de\/de\/wp-json\/wp\/v2\/pages"}],"about":[{"href":"https:\/\/www.kettentechnik.de\/de\/wp-json\/wp\/v2\/types\/page"}],"author":[{"embeddable":true,"href":"https:\/\/www.kettentechnik.de\/de\/wp-json\/wp\/v2\/users\/1"}],"replies":[{"embeddable":true,"href":"https:\/\/www.kettentechnik.de\/de\/wp-json\/wp\/v2\/comments?post=168"}],"version-history":[{"count":1,"href":"https:\/\/www.kettentechnik.de\/de\/wp-json\/wp\/v2\/pages\/168\/revisions"}],"predecessor-version":[{"id":6181,"href":"https:\/\/www.kettentechnik.de\/de\/wp-json\/wp\/v2\/pages\/168\/revisions\/6181"}],"wp:attachment":[{"href":"https:\/\/www.kettentechnik.de\/de\/wp-json\/wp\/v2\/media?parent=168"}],"curies":[{"name":"wp","href":"https:\/\/api.w.org\/{rel}","templated":true}]}}